{"id":26617,"date":"2024-11-20T13:24:29","date_gmt":"2024-11-20T13:24:29","guid":{"rendered":"https:\/\/gastrobarlazarza.com\/?page_id=26617"},"modified":"2025-10-02T18:23:50","modified_gmt":"2025-10-02T18:23:50","slug":"la-zarza-por-el-mundo","status":"publish","type":"page","link":"https:\/\/gastrobarlazarza.com\/?page_id=26617","title":{"rendered":"La Zarza por el Mundo"},"content":{"rendered":"<div class=\"wp-block-image\">\n<figure class=\"aligncenter size-medium is-resized\"><img loading=\"lazy\" decoding=\"async\" width=\"300\" height=\"266\" src=\"https:\/\/gastrobarlazarza.com\/wp-content\/uploads\/2021\/09\/LOGO-NEGRO-LA-ZARZA_FINAL-2-300x266.png\" alt=\"\" class=\"wp-image-26029\" style=\"width:235px;height:auto\" srcset=\"https:\/\/gastrobarlazarza.com\/wp-content\/uploads\/2021\/09\/LOGO-NEGRO-LA-ZARZA_FINAL-2-300x266.png 300w, https:\/\/gastrobarlazarza.com\/wp-content\/uploads\/2021\/09\/LOGO-NEGRO-LA-ZARZA_FINAL-2-200x177.png 200w, https:\/\/gastrobarlazarza.com\/wp-content\/uploads\/2021\/09\/LOGO-NEGRO-LA-ZARZA_FINAL-2.png 550w\" sizes=\"auto, (max-width: 300px) 100vw, 300px\" \/><\/figure>\n<\/div>\n\n\n<h1 class=\"wp-block-heading has-text-align-center\"><strong>x el Mundo<\/strong><\/h1>\n\n\n\n<iframe loading=\"lazy\" src=\"https:\/\/www.google.com\/maps\/d\/u\/0\/embed?mid=1DUxniAaLTjE44skkBJHyy5ztUr5NUWU&#038;ehbc=2E312F&#038;noprof=1\" width=\"100%\" height=\"480\"><\/iframe>\n\n\n\n<h2 class=\"wp-block-heading has-text-align-center\"><strong>\u00abLl\u00e9vate un sticker de La Zarza y hazlo viajar contigo. P\u00e9galo en cualquier rinc\u00f3n del mundo, comp\u00e1rtenos la foto por Instagram y aparecer\u00e1 en nuestro perfil. Adem\u00e1s, a\u00f1adiremos tu ubicaci\u00f3n a nuestro mapa de aventuras.\u00bb<\/strong><\/h2>\n","protected":false},"excerpt":{"rendered":"<p>x el Mundo \u00abLl\u00e9vate un sticker de La Zarza y hazlo viajar contigo. P\u00e9galo en cualquier rinc\u00f3n del mundo, comp\u00e1rtenos<\/p>\n<p><a href=\"https:\/\/gastrobarlazarza.com\/?page_id=26617\" class=\"more-link\">Continue reading<span class=\"screen-reader-text\">La Zarza por el Mundo<\/span><\/a><\/p>\n","protected":false},"author":1,"featured_media":0,"parent":0,"menu_order":0,"comment_status":"closed","ping_status":"closed","template":"","meta":{"om_disable_all_campaigns":false,"_monsterinsights_skip_tracking":false,"_monsterinsights_sitenote_active":false,"_monsterinsights_sitenote_note":"","_monsterinsights_sitenote_category":0,"footnotes":""},"class_list":["post-26617","page","type-page","status-publish","hentry"],"aioseo_notices":[],"_links":{"self":[{"href":"https:\/\/gastrobarlazarza.com\/index.php?rest_route=\/wp\/v2\/pages\/26617","targetHints":{"allow":["GET"]}}],"collection":[{"href":"https:\/\/gastrobarlazarza.com\/index.php?rest_route=\/wp\/v2\/pages"}],"about":[{"href":"https:\/\/gastrobarlazarza.com\/index.php?rest_route=\/wp\/v2\/types\/page"}],"author":[{"embeddable":true,"href":"https:\/\/gastrobarlazarza.com\/index.php?rest_route=\/wp\/v2\/users\/1"}],"replies":[{"embeddable":true,"href":"https:\/\/gastrobarlazarza.com\/index.php?rest_route=%2Fwp%2Fv2%2Fcomments&post=26617"}],"version-history":[{"count":12,"href":"https:\/\/gastrobarlazarza.com\/index.php?rest_route=\/wp\/v2\/pages\/26617\/revisions"}],"predecessor-version":[{"id":26713,"href":"https:\/\/gastrobarlazarza.com\/index.php?rest_route=\/wp\/v2\/pages\/26617\/revisions\/26713"}],"wp:attachment":[{"href":"https:\/\/gastrobarlazarza.com\/index.php?rest_route=%2Fwp%2Fv2%2Fmedia&parent=26617"}],"curies":[{"name":"wp","href":"https:\/\/api.w.org\/{rel}","templated":true}]}}