{"id":26332,"date":"2022-06-23T11:35:41","date_gmt":"2022-06-23T11:35:41","guid":{"rendered":"https:\/\/gastrobarlazarza.com\/?page_id=26332"},"modified":"2022-06-23T11:37:09","modified_gmt":"2022-06-23T11:37:09","slug":"26332-2","status":"publish","type":"page","link":"https:\/\/gastrobarlazarza.com\/?page_id=26332","title":{"rendered":"EL CONCEPTO"},"content":{"rendered":"\n<p class=\"has-text-align-center has-white-color has-text-color\" style=\"font-size:25px\"><strong> La Zarza es un gastrobar moderno y elegante. La carta, amplia y vers\u00e1til, ofrece las grandes raciones de siempre, actualizadas por nuestro director Marcos Ju\u00e1rez y tambi\u00e9n nuevas tapas creativas.<br>La oferta gastron\u00f3mica se puede elegir a la carta, en medias raciones o en formato men\u00fa degustaci\u00f3n.<br>La Zarza pretende a\u00f1adir al cl\u00e1sico local de tapas, par\u00e1metros de gran restaurante y a la vez, ofrecer los mejores productos y elaboraciones al mejor precio.<\/strong><\/p>\n\n\n<div class=\"wp-block-image\">\n<figure class=\"aligncenter size-full\"><img loading=\"lazy\" decoding=\"async\" width=\"550\" height=\"487\" src=\"https:\/\/gastrobarlazarza.com\/wp-content\/uploads\/2021\/09\/LOGO-NEGRO-LA-ZARZA_FINAL-2.png\" alt=\"\" class=\"wp-image-26029\" srcset=\"https:\/\/gastrobarlazarza.com\/wp-content\/uploads\/2021\/09\/LOGO-NEGRO-LA-ZARZA_FINAL-2.png 550w, https:\/\/gastrobarlazarza.com\/wp-content\/uploads\/2021\/09\/LOGO-NEGRO-LA-ZARZA_FINAL-2-300x266.png 300w, https:\/\/gastrobarlazarza.com\/wp-content\/uploads\/2021\/09\/LOGO-NEGRO-LA-ZARZA_FINAL-2-200x177.png 200w\" sizes=\"auto, (max-width: 550px) 100vw, 550px\" \/><\/figure>\n<\/div>","protected":false},"excerpt":{"rendered":"<p>La Zarza es un gastrobar moderno y elegante. La carta, amplia y vers\u00e1til, ofrece las grandes raciones de siempre, actualizadas<\/p>\n<p><a href=\"https:\/\/gastrobarlazarza.com\/?page_id=26332\" class=\"more-link\">Continue reading<span class=\"screen-reader-text\">EL CONCEPTO<\/span><\/a><\/p>\n","protected":false},"author":1,"featured_media":0,"parent":0,"menu_order":0,"comment_status":"closed","ping_status":"closed","template":"","meta":{"om_disable_all_campaigns":false,"_monsterinsights_skip_tracking":false,"_monsterinsights_sitenote_active":false,"_monsterinsights_sitenote_note":"","_monsterinsights_sitenote_category":0,"footnotes":""},"class_list":["post-26332","page","type-page","status-publish","hentry"],"aioseo_notices":[],"_links":{"self":[{"href":"https:\/\/gastrobarlazarza.com\/index.php?rest_route=\/wp\/v2\/pages\/26332","targetHints":{"allow":["GET"]}}],"collection":[{"href":"https:\/\/gastrobarlazarza.com\/index.php?rest_route=\/wp\/v2\/pages"}],"about":[{"href":"https:\/\/gastrobarlazarza.com\/index.php?rest_route=\/wp\/v2\/types\/page"}],"author":[{"embeddable":true,"href":"https:\/\/gastrobarlazarza.com\/index.php?rest_route=\/wp\/v2\/users\/1"}],"replies":[{"embeddable":true,"href":"https:\/\/gastrobarlazarza.com\/index.php?rest_route=%2Fwp%2Fv2%2Fcomments&post=26332"}],"version-history":[{"count":4,"href":"https:\/\/gastrobarlazarza.com\/index.php?rest_route=\/wp\/v2\/pages\/26332\/revisions"}],"predecessor-version":[{"id":26336,"href":"https:\/\/gastrobarlazarza.com\/index.php?rest_route=\/wp\/v2\/pages\/26332\/revisions\/26336"}],"wp:attachment":[{"href":"https:\/\/gastrobarlazarza.com\/index.php?rest_route=%2Fwp%2Fv2%2Fmedia&parent=26332"}],"curies":[{"name":"wp","href":"https:\/\/api.w.org\/{rel}","templated":true}]}}