{"id":25865,"date":"2021-09-10T16:23:23","date_gmt":"2021-09-10T16:23:23","guid":{"rendered":"https:\/\/gastrobarlazarza.com\/?page_id=25865"},"modified":"2026-02-11T12:56:05","modified_gmt":"2026-02-11T12:56:05","slug":"menu-enzarzados","status":"publish","type":"page","link":"https:\/\/gastrobarlazarza.com\/?page_id=25865","title":{"rendered":"Carta Men\u00fas Enzarzados La Zarza"},"content":{"rendered":"\n<h2 class=\"wp-block-heading has-text-align-center\"><strong>Carta de Men\u00fas ENZARZADOS LA ZARZA<\/strong><\/h2>\n\n\n<div class=\"wp-block-image\">\n<figure class=\"aligncenter size-full is-resized\"><img loading=\"lazy\" decoding=\"async\" width=\"568\" height=\"550\" src=\"https:\/\/gastrobarlazarza.com\/wp-content\/uploads\/2021\/09\/LOGO-NEGRO-LA-ZARZA-edited.png\" alt=\"\" class=\"wp-image-25879\" style=\"width:273px;height:auto\" srcset=\"https:\/\/gastrobarlazarza.com\/wp-content\/uploads\/2021\/09\/LOGO-NEGRO-LA-ZARZA-edited.png 568w, https:\/\/gastrobarlazarza.com\/wp-content\/uploads\/2021\/09\/LOGO-NEGRO-LA-ZARZA-edited-300x290.png 300w, https:\/\/gastrobarlazarza.com\/wp-content\/uploads\/2021\/09\/LOGO-NEGRO-LA-ZARZA-edited-200x194.png 200w\" sizes=\"auto, (max-width: 568px) 100vw, 568px\" \/><\/figure>\n<\/div>\n\n\n<h2 class=\"wp-block-heading has-text-align-center\"><strong>Men\u00fa ENZARZADOS<\/strong><\/h2>\n\n\n<a href=\"https:\/\/gastrobarlazarza.com\/wp-content\/uploads\/2026\/02\/enzarzados_001-1.pdf\" class=\"pdfemb-viewer\" style=\"\" data-width=\"max\" data-height=\"max\" data-toolbar=\"bottom\" data-toolbar-fixed=\"off\">enzarzados_001-1<\/a>\n\n\n<div style=\"height:100px\" aria-hidden=\"true\" class=\"wp-block-spacer\"><\/div>\n\n\n\n<h2 class=\"wp-block-heading has-text-align-center\">Men\u00fa ARMONIA<\/h2>\n\n\n<a href=\"https:\/\/gastrobarlazarza.com\/wp-content\/uploads\/2026\/02\/armonia_001.pdf\" class=\"pdfemb-viewer\" style=\"\" data-width=\"max\" data-height=\"max\" data-toolbar=\"bottom\" data-toolbar-fixed=\"off\">armonia_001<\/a>\n\n\n<div style=\"height:100px\" aria-hidden=\"true\" class=\"wp-block-spacer\"><\/div>\n\n\n\n<div class=\"wp-block-columns is-layout-flex wp-container-core-columns-is-layout-9d6595d7 wp-block-columns-is-layout-flex\">\n<div class=\"wp-block-column is-layout-flow wp-block-column-is-layout-flow\"><\/div>\n\n\n\n<div class=\"wp-block-column is-vertically-aligned-center is-layout-flow wp-block-column-is-layout-flow\">\n<div class=\"wp-block-group\"><div class=\"wp-block-group__inner-container is-layout-flow wp-block-group-is-layout-flow\">\n<p style=\"font-size:1em\"><strong><span class=\"has-inline-color has-dark-yellow-color\">COMPARTIR <\/span><\/strong><\/p>\n\n\n\n<p><strong><div class=\"sfsi_widget sfsi_shortcode_container\"><div class=\"norm_row sfsi_wDiv \"  style=\"width:225px;text-align:left;\"><div style='width:40px; height:40px;margin-left:5px;margin-bottom:5px; ' class='sfsi_wicons shuffeldiv ' ><div class='inerCnt'><a class=' sficn' data-effect='' target='_blank'  href='https:\/\/api.whatsapp.com\/send?text=https%3A%2F%2Fgastrobarlazarza.com' id='sfsiid_whatsapp_icon' style='width:40px;height:40px;opacity:1;'  ><img data-pin-nopin='true' alt='WhatsApp' title='WhatsApp' src='https:\/\/gastrobarlazarza.com\/wp-content\/plugins\/ultimate-social-media-icons\/images\/icons_theme\/default\/default_whatsapp.png' width='40' height='40' style='' class='sfcm sfsi_wicon ' data-effect=''   \/><\/a><\/div><\/div><div style='width:40px; height:40px;margin-left:5px;margin-bottom:5px; ' class='sfsi_wicons shuffeldiv ' ><div class='inerCnt'><a class='sfsi_copylink sficn' data-effect='' target='_blank'  href='javascript:void(0);' id='sfsiid_copylink_icon' style='width:40px;height:40px;opacity:1;'  ><img data-pin-nopin='true' alt='Copy link' title='Copy link' src='https:\/\/gastrobarlazarza.com\/wp-content\/plugins\/ultimate-social-media-icons\/images\/icons_theme\/default\/default_copylink.png' width='40' height='40' style='' class='sfcm sfsi_wicon ' data-effect=''   \/><\/a><\/div><\/div><div id=\"success-alert\" class=\"success-alert\">\u00a1La URL se ha copiado correctamente!<\/div><\/div ><div id=\"sfsi_holder\" class=\"sfsi_holders\" style=\"position: relative; float: left;width:100%;z-index:-1;\"><\/div ><script>window.addEventListener(\"sfsi_functions_loaded\", function()\n\t\t\t{\n\t\t\t\tif (typeof sfsi_widget_set == \"function\") {\n\t\t\t\t\tsfsi_widget_set();\n\t\t\t\t}\n\t\t\t}); <\/script><div style=\"clear: both;\"><\/div><\/div><\/strong><\/p>\n<\/div><\/div>\n<\/div>\n\n\n\n<div class=\"wp-block-column is-layout-flow wp-block-column-is-layout-flow\"><\/div>\n<\/div>\n","protected":false},"excerpt":{"rendered":"<p>Carta de Men\u00fas ENZARZADOS LA ZARZA Men\u00fa ENZARZADOS Men\u00fa ARMONIA<\/p>\n","protected":false},"author":1,"featured_media":0,"parent":0,"menu_order":0,"comment_status":"closed","ping_status":"closed","template":"","meta":{"om_disable_all_campaigns":false,"_monsterinsights_skip_tracking":false,"_monsterinsights_sitenote_active":false,"_monsterinsights_sitenote_note":"","_monsterinsights_sitenote_category":0,"footnotes":""},"class_list":["post-25865","page","type-page","status-publish","hentry"],"aioseo_notices":[],"_links":{"self":[{"href":"https:\/\/gastrobarlazarza.com\/index.php?rest_route=\/wp\/v2\/pages\/25865","targetHints":{"allow":["GET"]}}],"collection":[{"href":"https:\/\/gastrobarlazarza.com\/index.php?rest_route=\/wp\/v2\/pages"}],"about":[{"href":"https:\/\/gastrobarlazarza.com\/index.php?rest_route=\/wp\/v2\/types\/page"}],"author":[{"embeddable":true,"href":"https:\/\/gastrobarlazarza.com\/index.php?rest_route=\/wp\/v2\/users\/1"}],"replies":[{"embeddable":true,"href":"https:\/\/gastrobarlazarza.com\/index.php?rest_route=%2Fwp%2Fv2%2Fcomments&post=25865"}],"version-history":[{"count":48,"href":"https:\/\/gastrobarlazarza.com\/index.php?rest_route=\/wp\/v2\/pages\/25865\/revisions"}],"predecessor-version":[{"id":26751,"href":"https:\/\/gastrobarlazarza.com\/index.php?rest_route=\/wp\/v2\/pages\/25865\/revisions\/26751"}],"wp:attachment":[{"href":"https:\/\/gastrobarlazarza.com\/index.php?rest_route=%2Fwp%2Fv2%2Fmedia&parent=25865"}],"curies":[{"name":"wp","href":"https:\/\/api.w.org\/{rel}","templated":true}]}}