{"id":25806,"date":"2021-06-19T18:52:40","date_gmt":"2021-06-19T18:52:40","guid":{"rendered":"https:\/\/gastrobarlazarza.com\/?page_id=25806"},"modified":"2022-03-11T13:58:57","modified_gmt":"2022-03-11T13:58:57","slug":"la-zarza","status":"publish","type":"page","link":"https:\/\/gastrobarlazarza.com\/?page_id=25806","title":{"rendered":"LA ZARZA"},"content":{"rendered":"\n<div class=\"wp-block-image\"><figure class=\"aligncenter size-full is-resized\"><a href=\"https:\/\/gastrobarlazarza.com\/\"><img loading=\"lazy\" decoding=\"async\" src=\"https:\/\/gastrobarlazarza.com\/wp-content\/uploads\/2021\/09\/LOGO-NEGRO-LA-ZARZA_FINAL-1.png\" alt=\"\" class=\"wp-image-25911\" width=\"255\" height=\"226\" srcset=\"https:\/\/gastrobarlazarza.com\/wp-content\/uploads\/2021\/09\/LOGO-NEGRO-LA-ZARZA_FINAL-1.png 550w, https:\/\/gastrobarlazarza.com\/wp-content\/uploads\/2021\/09\/LOGO-NEGRO-LA-ZARZA_FINAL-1-300x266.png 300w, https:\/\/gastrobarlazarza.com\/wp-content\/uploads\/2021\/09\/LOGO-NEGRO-LA-ZARZA_FINAL-1-200x177.png 200w\" sizes=\"auto, (max-width: 255px) 100vw, 255px\" \/><\/a><\/figure><\/div>\n\n\n\n<p class=\"has-text-align-center\" style=\"font-size:25px\"><strong><mark style=\"background-color:rgba(0, 0, 0, 0)\" class=\"has-inline-color has-white-color\">LA ZARZA<\/mark> NACE EN 2021, DE LA MANO DE DOS HERMANOS DE ALCAL\u00c1 DE HENARES QUE APUESTAN POR CREAR UN BAR TRADICIONAL, CON TOQUES ACTUALES DONDE TODO GIRA ALREDEDOR DEL <mark style=\"background-color:rgba(0, 0, 0, 0)\" class=\"has-inline-color has-white-color\">PRODUCTO<\/mark> Y LA <mark style=\"background-color:rgba(0, 0, 0, 0)\" class=\"has-inline-color has-white-color\">ATENCI\u00d3N AL CLIENTE<\/mark>.<\/strong><\/p>\n\n\n\n<p class=\"has-text-align-center\" style=\"font-size:25px\"><strong> NUESTRA \u00daNICA MISI\u00d3N ES HACEROS SENTIR COMO EN CASA, PARA ELLO, NOS RODEAMOS DE UN EQUIPO CON <mark style=\"background-color:rgba(0, 0, 0, 0)\" class=\"has-inline-color has-medium-gray-color\">ILUSI\u00d3N<\/mark>, <mark style=\"background-color:rgba(0, 0, 0, 0)\" class=\"has-inline-color has-white-color\">PROFESIONALIDAD<\/mark> Y GANAS DE QUE EL CLIENTE DISFRUTE EN LA ZARZA.<\/strong><\/p>\n\n\n\n<p class=\"has-text-align-center\" style=\"font-size:25px\"><strong>UN SITIO DE ENCUENTRO PARA CUALQUIER MOMENTO DEL <mark style=\"background-color:rgba(0, 0, 0, 0)\" class=\"has-inline-color has-white-color\">D\u00cdA<\/mark> O DE LA <mark style=\"background-color:rgba(0, 0, 0, 0)\" class=\"has-inline-color has-white-color\">NOCHE<\/mark>.<\/strong><\/p>\n\n\n\n<p class=\"has-text-align-center\" style=\"font-size:25px\"><strong>SITUADO EN PLENO CENTRO DE <mark style=\"background-color:rgba(0, 0, 0, 0)\" class=\"has-inline-color has-white-color\">ALCAL\u00c1 DE HENARES<\/mark> NACE UN PROYECTO <mark style=\"background-color:rgba(0, 0, 0, 0)\" class=\"has-inline-color has-light-gray-color\">JOVEN<\/mark> CON VOCACI\u00d3N DE CONVERTIRSE EN UN CL\u00c1SICO MODERNO DE LA RESTAURACI\u00d3N ALCALA\u00cdNA.<br>LA ZARZA BUSCAR\u00c1 CREAR UNA <mark style=\"background-color:rgba(0, 0, 0, 0)\" class=\"has-inline-color has-white-color\">EXPERIENCIA<\/mark> CON LA MEJOR GASTRONOM\u00cdA Y UNA <mark style=\"background-color:rgba(0, 0, 0, 0)\" class=\"has-inline-color has-white-color\">APUESTA<\/mark> FIRME POR LA <mark style=\"background-color:rgba(0, 0, 0, 0)\" class=\"has-inline-color has-white-color\">HOSPITALIDAD<\/mark>.<\/strong><\/p>\n","protected":false},"excerpt":{"rendered":"<p>LA ZARZA NACE EN 2021, DE LA MANO DE DOS HERMANOS DE ALCAL\u00c1 DE HENARES QUE APUESTAN POR CREAR UN<\/p>\n<p><a href=\"https:\/\/gastrobarlazarza.com\/?page_id=25806\" class=\"more-link\">Continue reading<span class=\"screen-reader-text\">LA ZARZA<\/span><\/a><\/p>\n","protected":false},"author":1,"featured_media":0,"parent":0,"menu_order":0,"comment_status":"closed","ping_status":"closed","template":"","meta":{"om_disable_all_campaigns":false,"_monsterinsights_skip_tracking":false,"_monsterinsights_sitenote_active":false,"_monsterinsights_sitenote_note":"","_monsterinsights_sitenote_category":0,"footnotes":""},"class_list":["post-25806","page","type-page","status-publish","hentry"],"aioseo_notices":[],"_links":{"self":[{"href":"https:\/\/gastrobarlazarza.com\/index.php?rest_route=\/wp\/v2\/pages\/25806","targetHints":{"allow":["GET"]}}],"collection":[{"href":"https:\/\/gastrobarlazarza.com\/index.php?rest_route=\/wp\/v2\/pages"}],"about":[{"href":"https:\/\/gastrobarlazarza.com\/index.php?rest_route=\/wp\/v2\/types\/page"}],"author":[{"embeddable":true,"href":"https:\/\/gastrobarlazarza.com\/index.php?rest_route=\/wp\/v2\/users\/1"}],"replies":[{"embeddable":true,"href":"https:\/\/gastrobarlazarza.com\/index.php?rest_route=%2Fwp%2Fv2%2Fcomments&post=25806"}],"version-history":[{"count":24,"href":"https:\/\/gastrobarlazarza.com\/index.php?rest_route=\/wp\/v2\/pages\/25806\/revisions"}],"predecessor-version":[{"id":26325,"href":"https:\/\/gastrobarlazarza.com\/index.php?rest_route=\/wp\/v2\/pages\/25806\/revisions\/26325"}],"wp:attachment":[{"href":"https:\/\/gastrobarlazarza.com\/index.php?rest_route=%2Fwp%2Fv2%2Fmedia&parent=25806"}],"curies":[{"name":"wp","href":"https:\/\/api.w.org\/{rel}","templated":true}]}}