{"id":25772,"date":"2021-06-19T17:44:20","date_gmt":"2021-06-19T17:44:20","guid":{"rendered":"https:\/\/gastrobarlazarza.com\/?page_id=25772"},"modified":"2023-11-30T19:58:28","modified_gmt":"2023-11-30T19:58:28","slug":"donde-estamos","status":"publish","type":"page","link":"https:\/\/gastrobarlazarza.com\/?page_id=25772","title":{"rendered":"\u00bfD\u00f3nde Estamos?"},"content":{"rendered":"\n<h2 class=\"has-text-align-center wp-block-heading\">Tour 360 GastroBarLaZarza<\/h2>\n\n\n\n<center><iframe src=\"https:\/\/www.google.com\/maps\/embed?pb=!4v1666116933380!6m8!1m7!1sCAoSLEFGMVFpcFB6T1hEYW44RmhYNUoyc1hjYV9BT3VXd0x2VGRKbUlyQU5JQVVj!2m2!1d40.481469096736!2d-3.3642027649363!3f265.6106437842166!4f1.033188838258397!5f0.7820865974627469\" width=\"600\" height=\"600\" style=\"border:0;\" allowfullscreen=\"\" loading=\"lazy\" referrerpolicy=\"no-referrer-when-downgrade\"><\/iframe><\/center>\n\n\n<h2 style=\"text-align: center;\"><span style=\"color: #ffcc00;\"><strong>Plaza Rodr\u00edguez Mar\u00edn, 3 &#8211; Alcal\u00e1 de Henares -Madrid<\/strong><\/span><\/h2>\n\n\n<div class=\"wp-block-buttons alignwide is-horizontal is-content-justification-center is-layout-flex wp-container-core-buttons-is-layout-499968f5 wp-block-buttons-is-layout-flex\">\n<div class=\"wp-block-button is-style-fill\"><a class=\"wp-block-button__link\" href=\"https:\/\/www.google.com\/maps\/dir\/\/Pl.+Rodr%C3%ADguez+Mar%C3%ADn,+3,+28801+Alcal%C3%A1+de+Henares,+Madrid\/@40.481449,-3.3665681,17z\/data=!4m17!1m7!3m6!1s0xd424913815f556b:0x972a607deade8db3!2sPl.+Rodr%C3%ADguez+Mar%C3%ADn,+3,+28801+Alcal%C3%A1+de+Henares,+Madrid!3b1!8m2!3d40.481449!4d-3.3643794!4m8!1m0!1m5!1m1!1s0xd424913815f556b:0x972a607deade8db3!2m2!1d-3.3643794!2d40.481449!3e3\">LL\u00c9VAME AHORA<\/a><\/div>\n<\/div>\n\n\n<div class=\"wp-block-image\">\n<figure class=\"aligncenter size-full is-resized popmake-26081\"><img loading=\"lazy\" decoding=\"async\" src=\"https:\/\/gastrobarlazarza.com\/wp-content\/uploads\/2021\/09\/pngwing.com_.png\" alt=\"\" class=\"wp-image-26079\" width=\"162\" height=\"162\" srcset=\"https:\/\/gastrobarlazarza.com\/wp-content\/uploads\/2021\/09\/pngwing.com_.png 512w, https:\/\/gastrobarlazarza.com\/wp-content\/uploads\/2021\/09\/pngwing.com_-300x300.png 300w, https:\/\/gastrobarlazarza.com\/wp-content\/uploads\/2021\/09\/pngwing.com_-150x150.png 150w, https:\/\/gastrobarlazarza.com\/wp-content\/uploads\/2021\/09\/pngwing.com_-200x200.png 200w\" sizes=\"auto, (max-width: 162px) 100vw, 162px\" \/><figcaption>Pulsa para mostrar en el Mapa<\/figcaption><\/figure>\n<\/div>\n\n\n<p><\/p>\n","protected":false},"excerpt":{"rendered":"<p>Tour 360 GastroBarLaZarza Plaza Rodr\u00edguez Mar\u00edn, 3 &#8211; Alcal\u00e1 de Henares -Madrid<\/p>\n","protected":false},"author":1,"featured_media":0,"parent":0,"menu_order":0,"comment_status":"closed","ping_status":"closed","template":"","meta":{"om_disable_all_campaigns":false,"_monsterinsights_skip_tracking":false,"_monsterinsights_sitenote_active":false,"_monsterinsights_sitenote_note":"","_monsterinsights_sitenote_category":0,"footnotes":""},"class_list":["post-25772","page","type-page","status-publish","hentry"],"aioseo_notices":[],"_links":{"self":[{"href":"https:\/\/gastrobarlazarza.com\/index.php?rest_route=\/wp\/v2\/pages\/25772","targetHints":{"allow":["GET"]}}],"collection":[{"href":"https:\/\/gastrobarlazarza.com\/index.php?rest_route=\/wp\/v2\/pages"}],"about":[{"href":"https:\/\/gastrobarlazarza.com\/index.php?rest_route=\/wp\/v2\/types\/page"}],"author":[{"embeddable":true,"href":"https:\/\/gastrobarlazarza.com\/index.php?rest_route=\/wp\/v2\/users\/1"}],"replies":[{"embeddable":true,"href":"https:\/\/gastrobarlazarza.com\/index.php?rest_route=%2Fwp%2Fv2%2Fcomments&post=25772"}],"version-history":[{"count":12,"href":"https:\/\/gastrobarlazarza.com\/index.php?rest_route=\/wp\/v2\/pages\/25772\/revisions"}],"predecessor-version":[{"id":26359,"href":"https:\/\/gastrobarlazarza.com\/index.php?rest_route=\/wp\/v2\/pages\/25772\/revisions\/26359"}],"wp:attachment":[{"href":"https:\/\/gastrobarlazarza.com\/index.php?rest_route=%2Fwp%2Fv2%2Fmedia&parent=25772"}],"curies":[{"name":"wp","href":"https:\/\/api.w.org\/{rel}","templated":true}]}}